{"id":201,"date":"2018-03-07T22:50:29","date_gmt":"2018-03-07T22:50:29","guid":{"rendered":"http:\/\/lo1.olsztyn.pl\/mm\/?page_id=201"},"modified":"2025-03-17T16:16:03","modified_gmt":"2025-03-17T16:16:03","slug":"extended-essay","status":"publish","type":"page","link":"https:\/\/lo1.olsztyn.eu\/mm\/extended-essay\/","title":{"rendered":"Extended Essay"},"content":{"rendered":"\t\t<div data-elementor-type=\"wp-page\" data-elementor-id=\"201\" class=\"elementor elementor-201\">\n\t\t\t\t\t\t<section class=\"elementor-section elementor-top-section elementor-element elementor-element-796568e0 elementor-section-boxed elementor-section-height-default elementor-section-height-default\" data-id=\"796568e0\" data-element_type=\"section\" data-e-type=\"section\">\n\t\t\t\t\t\t<div class=\"elementor-container elementor-column-gap-default\">\n\t\t\t\t\t<div class=\"elementor-column elementor-col-100 elementor-top-column elementor-element elementor-element-1c06a3df\" data-id=\"1c06a3df\" data-element_type=\"column\" data-e-type=\"column\">\n\t\t\t<div class=\"elementor-widget-wrap elementor-element-populated\">\n\t\t\t\t\t\t<div class=\"elementor-element elementor-element-15fbae96 elementor-widget elementor-widget-text-editor\" data-id=\"15fbae96\" data-element_type=\"widget\" data-e-type=\"widget\" data-widget_type=\"text-editor.default\">\n\t\t\t\t<div class=\"elementor-widget-container\">\n\t\t\t\t\t\t\t\t\t<p><img decoding=\"async\" class=\"alignnone wp-image-1339\" src=\"https:\/\/lo1.olsztyn.eu\/mm\/wp-content\/uploads\/2024\/12\/1024px-Flag_of_Poland_bordered.svg_-300x188.png\" alt=\"\" width=\"88\" height=\"55\" srcset=\"https:\/\/lo1.olsztyn.eu\/mm\/wp-content\/uploads\/2024\/12\/1024px-Flag_of_Poland_bordered.svg_-300x188.png 300w, https:\/\/lo1.olsztyn.eu\/mm\/wp-content\/uploads\/2024\/12\/1024px-Flag_of_Poland_bordered.svg_-768x480.png 768w, https:\/\/lo1.olsztyn.eu\/mm\/wp-content\/uploads\/2024\/12\/1024px-Flag_of_Poland_bordered.svg_-360x225.png 360w, https:\/\/lo1.olsztyn.eu\/mm\/wp-content\/uploads\/2024\/12\/1024px-Flag_of_Poland_bordered.svg_.png 1024w\" sizes=\"(max-width: 88px) 100vw, 88px\" \/><\/p><p>IB Extended Essay to obowi\u0105zkowy komponent programu. Polega na przygotowaniu autorskiej pracy badawczej z wybranego przez ucznia przedmiotu.\u00a0 Proces ten trwa ponad dwa semestry i mo\u017cemy go por\u00f3wna\u0107 do pisania pracy licencjackiej poczas studi\u00f3w. Ucze\u0144 wybiera sobie promotora i pod jego kierunkiem przygotowuje prac\u0119. Powinna ona liczy\u0107 oko\u0142o 4000 s\u0142\u00f3w. Wyb\u00f3r tematu eseju\u00a0 jest dowolny.<\/p><p>Celem przygotowania Extended Essay jest zach\u0119cenie ucznia do rozwijania umiej\u0119tno\u015bci badawczych i pobudzenia krytycznego my\u015blenia. Ucze\u0144 uczy si\u0119 te\u017c analizowa\u0107 \u017ar\u00f3d\u0142a, przygotowywa\u0107 bibliografi\u0119 i przypisy oraz organizowa\u0107 prac\u0119 i zarz\u0105dza\u0107 w\u0142asnym czasem. Ponadto kszta\u0142towane s\u0105 tak\u017ce systematyczno\u015b\u0107, odpowiedzialno\u015b\u0107 i samodzielno\u015b\u0107.<\/p><p>Prace te, podobnie jak egzaminy maturalne IB, sprawdzane s\u0105 poza szko\u0142\u0105 przez egzaminator\u00f3w zewn\u0119trznych.<\/p><p><img decoding=\"async\" class=\"alignnone wp-image-1270\" src=\"https:\/\/lo1.olsztyn.eu\/mm\/wp-content\/uploads\/2024\/12\/Flag_of_the_United_Kingdom_1-2.svg_-300x150.png\" alt=\"\" width=\"88\" height=\"44\" srcset=\"https:\/\/lo1.olsztyn.eu\/mm\/wp-content\/uploads\/2024\/12\/Flag_of_the_United_Kingdom_1-2.svg_-300x150.png 300w, https:\/\/lo1.olsztyn.eu\/mm\/wp-content\/uploads\/2024\/12\/Flag_of_the_United_Kingdom_1-2.svg_-1024x512.png 1024w, https:\/\/lo1.olsztyn.eu\/mm\/wp-content\/uploads\/2024\/12\/Flag_of_the_United_Kingdom_1-2.svg_-768x384.png 768w, https:\/\/lo1.olsztyn.eu\/mm\/wp-content\/uploads\/2024\/12\/Flag_of_the_United_Kingdom_1-2.svg_-1536x768.png 1536w, https:\/\/lo1.olsztyn.eu\/mm\/wp-content\/uploads\/2024\/12\/Flag_of_the_United_Kingdom_1-2.svg_-360x180.png 360w, https:\/\/lo1.olsztyn.eu\/mm\/wp-content\/uploads\/2024\/12\/Flag_of_the_United_Kingdom_1-2.svg_.png 1920w\" sizes=\"(max-width: 88px) 100vw, 88px\" \/><\/p><p>IB Extended Essay is a mandatory component of the program. It involves the preparation of an original research paper on a subject chosen by the student.\u00a0 The process takes more than two semesters and we can compare it to writing an undergraduate dissertation at university. The student chooses a supervisor for himself and prepares the paper under his guidance. It should be about 4,000 words. The choice of the essay topic is arbitrary.<\/p><p>The purpose of preparing an Extended Essay is to encourage the student to develop research skills and stimulate critical thinking. The student also learns how to analyse sources, prepare a bibliography and footnotes, as well as how to organise his work and develop self-management. Systematicity, responsibility and self-reliance are also shaped. Students also learn how to be reflective learners. These papers, like the IB matriculation exams, are checked outside the school by external examiners.<\/p>\t\t\t\t\t\t\t\t<\/div>\n\t\t\t\t<\/div>\n\t\t\t\t\t<\/div>\n\t\t<\/div>\n\t\t\t\t\t<\/div>\n\t\t<\/section>\n\t\t\t\t<\/div>\n\t\t","protected":false},"excerpt":{"rendered":"<p>IB Extended Essay to obowi\u0105zkowy komponent programu. Polega na przygotowaniu autorskiej pracy badawczej z wybranego przez ucznia przedmiotu.\u00a0 Proces ten trwa ponad dwa semestry i mo\u017cemy go por\u00f3wna\u0107 do pisania pracy licencjackiej poczas studi\u00f3w. Ucze\u0144 wybiera sobie promotora i pod <a href=\"https:\/\/lo1.olsztyn.eu\/mm\/extended-essay\/\" class=\"read-more\">Read More &#8230;<\/a><\/p>\n","protected":false},"author":1,"featured_media":228,"parent":0,"menu_order":0,"comment_status":"closed","ping_status":"closed","template":"","meta":{"footnotes":""},"class_list":["post-201","page","type-page","status-publish","has-post-thumbnail","hentry"],"featured_image_urls_v2":{"full":["https:\/\/lo1.olsztyn.eu\/mm\/wp-content\/uploads\/2018\/05\/business-computer-desk-7060-e1563369725852.jpg",1200,600,false],"thumbnail":["https:\/\/lo1.olsztyn.eu\/mm\/wp-content\/uploads\/2018\/05\/business-computer-desk-7060-e1563369725852-150x150.jpg",150,150,true],"medium":["https:\/\/lo1.olsztyn.eu\/mm\/wp-content\/uploads\/2018\/05\/business-computer-desk-7060-e1563369725852-300x150.jpg",300,150,true],"medium_large":["https:\/\/lo1.olsztyn.eu\/mm\/wp-content\/uploads\/2018\/05\/business-computer-desk-7060-e1563369725852-768x384.jpg",768,384,true],"large":["https:\/\/lo1.olsztyn.eu\/mm\/wp-content\/uploads\/2018\/05\/business-computer-desk-7060-e1563369725852-1024x512.jpg",847,424,true],"1536x1536":["https:\/\/lo1.olsztyn.eu\/mm\/wp-content\/uploads\/2018\/05\/business-computer-desk-7060-e1563369725852.jpg",1200,600,false],"2048x2048":["https:\/\/lo1.olsztyn.eu\/mm\/wp-content\/uploads\/2018\/05\/business-computer-desk-7060-e1563369725852.jpg",1200,600,false],"education-hub-thumb":["https:\/\/lo1.olsztyn.eu\/mm\/wp-content\/uploads\/2018\/05\/business-computer-desk-7060-e1563369725852.jpg",360,180,false]},"post_excerpt_stackable_v2":"<p>IB Extended Essay to obowi\u0105zkowy komponent programu. Polega na przygotowaniu autorskiej pracy badawczej z wybranego przez ucznia przedmiotu.\u00a0 Proces ten trwa ponad dwa semestry i mo\u017cemy go por\u00f3wna\u0107 do pisania pracy licencjackiej poczas studi\u00f3w. Ucze\u0144 wybiera sobie promotora i pod jego kierunkiem przygotowuje prac\u0119. Powinna ona liczy\u0107 oko\u0142o 4000 s\u0142\u00f3w. Wyb\u00f3r tematu eseju\u00a0 jest dowolny.Celem przygotowania Extended Essay jest zach\u0119cenie ucznia do rozwijania umiej\u0119tno\u015bci badawczych i pobudzenia krytycznego my\u015blenia. Ucze\u0144 uczy si\u0119 te\u017c analizowa\u0107 \u017ar\u00f3d\u0142a, przygotowywa\u0107 bibliografi\u0119 i przypisy oraz organizowa\u0107 prac\u0119 i zarz\u0105dza\u0107 w\u0142asnym czasem. Ponadto kszta\u0142towane s\u0105 tak\u017ce systematyczno\u015b\u0107, odpowiedzialno\u015b\u0107 i samodzielno\u015b\u0107.Prace te, podobnie jak egzaminy maturalne IB,&hellip;<\/p>\n","category_list_v2":"","author_info_v2":{"name":"ibadmin","url":"https:\/\/lo1.olsztyn.eu\/mm\/author\/ibadmin\/"},"comments_num_v2":"0 comments","_links":{"self":[{"href":"https:\/\/lo1.olsztyn.eu\/mm\/wp-json\/wp\/v2\/pages\/201","targetHints":{"allow":["GET"]}}],"collection":[{"href":"https:\/\/lo1.olsztyn.eu\/mm\/wp-json\/wp\/v2\/pages"}],"about":[{"href":"https:\/\/lo1.olsztyn.eu\/mm\/wp-json\/wp\/v2\/types\/page"}],"author":[{"embeddable":true,"href":"https:\/\/lo1.olsztyn.eu\/mm\/wp-json\/wp\/v2\/users\/1"}],"replies":[{"embeddable":true,"href":"https:\/\/lo1.olsztyn.eu\/mm\/wp-json\/wp\/v2\/comments?post=201"}],"version-history":[{"count":14,"href":"https:\/\/lo1.olsztyn.eu\/mm\/wp-json\/wp\/v2\/pages\/201\/revisions"}],"predecessor-version":[{"id":1505,"href":"https:\/\/lo1.olsztyn.eu\/mm\/wp-json\/wp\/v2\/pages\/201\/revisions\/1505"}],"wp:featuredmedia":[{"embeddable":true,"href":"https:\/\/lo1.olsztyn.eu\/mm\/wp-json\/wp\/v2\/media\/228"}],"wp:attachment":[{"href":"https:\/\/lo1.olsztyn.eu\/mm\/wp-json\/wp\/v2\/media?parent=201"}],"curies":[{"name":"wp","href":"https:\/\/api.w.org\/{rel}","templated":true}]}}