{"id":8,"date":"2017-10-03T16:28:56","date_gmt":"2017-10-03T16:28:56","guid":{"rendered":"http:\/\/lo1.olsztyn.pl\/mm\/?page_id=8"},"modified":"2025-03-17T15:58:17","modified_gmt":"2025-03-17T15:58:17","slug":"diploma-programme","status":"publish","type":"page","link":"https:\/\/lo1.olsztyn.eu\/mm\/diploma-programme\/","title":{"rendered":"Informacje og\u00f3lne"},"content":{"rendered":"\t\t<div data-elementor-type=\"wp-page\" data-elementor-id=\"8\" class=\"elementor elementor-8\">\n\t\t\t\t\t\t<section class=\"elementor-section elementor-top-section elementor-element elementor-element-9d82f0d elementor-section-boxed elementor-section-height-default elementor-section-height-default\" data-id=\"9d82f0d\" data-element_type=\"section\" data-e-type=\"section\">\n\t\t\t\t\t\t<div class=\"elementor-container elementor-column-gap-default\">\n\t\t\t\t\t<div class=\"elementor-column elementor-col-100 elementor-top-column elementor-element elementor-element-262dfddd\" data-id=\"262dfddd\" data-element_type=\"column\" data-e-type=\"column\">\n\t\t\t<div class=\"elementor-widget-wrap elementor-element-populated\">\n\t\t\t\t\t\t<div class=\"elementor-element elementor-element-10aee659 elementor-widget elementor-widget-text-editor\" data-id=\"10aee659\" data-element_type=\"widget\" data-e-type=\"widget\" data-widget_type=\"text-editor.default\">\n\t\t\t\t<div class=\"elementor-widget-container\">\n\t\t\t\t\t\t\t\t\t<p>Program Matury Mi\u0119dzynarodowej IB Diploma Programme jest <b>dwuletnim<\/b> przeduniwersyteckim cyklem kszta\u0142cenia przeznaczonym dla m\u0142odzie\u017cy w wieku 16-19 lat, realizowanym przez <b>dwa ostatnie lata<\/b> szko\u0142y ponadpodstawowej. Nauka ko\u0144czy si\u0119 <b>sesj\u0105 egzaminacyjn\u0105<\/b>, przygotowuj\u0105c\u0105 absolwent\u00f3w do podj\u0119cia studi\u00f3w na ca\u0142ym \u015bwiecie.<\/p><p>Celem tego <b>dwuletniego kursu <\/b>jest wykszta\u0142cenie \u015bwiadomych, krytycznie i samodzielnie my\u015bl\u0105cych m\u0142odych ludzi, kt\u00f3rzy s\u0105 otwarci na otaczaj\u0105cy ich \u015bwiat i tolerancyjni wobec inno\u015bci.<\/p><p><img fetchpriority=\"high\" decoding=\"async\" class=\"alignleft wp-image-93 size-medium\" style=\"font-size: 1.0625rem\" src=\"http:\/\/lo1.olsztyn.pl\/mm\/wp-content\/uploads\/2017\/10\/01-300x167.jpg\" alt=\"\" width=\"300\" height=\"167\" srcset=\"https:\/\/lo1.olsztyn.eu\/mm\/wp-content\/uploads\/2017\/10\/01-300x167.jpg 300w, https:\/\/lo1.olsztyn.eu\/mm\/wp-content\/uploads\/2017\/10\/01-768x428.jpg 768w, https:\/\/lo1.olsztyn.eu\/mm\/wp-content\/uploads\/2017\/10\/01-1024x571.jpg 1024w, https:\/\/lo1.olsztyn.eu\/mm\/wp-content\/uploads\/2017\/10\/01.jpg 1200w\" sizes=\"(max-width: 300px) 100vw, 300px\" \/>Program matury mi\u0119dzynarodowej k\u0142adzie du\u017cy nacisk na <b>ca\u0142o\u015bciowy i zr\u00f3wnowa\u017cony rozw\u00f3j jednostki <\/b>poprzez dostarczanie nie tylko niezb\u0119dnej wiedzy, ale r\u00f3wnie\u017c umiej\u0119tno\u015bci praktycznych przy jednoczesnym uwzgl\u0119dnieniu zainteresowa\u0144 ucznia.<\/p><p>System matury mi\u0119dzynarodowej jest znany i ceniony na ca\u0142ym \u015bwiecie. Realizuje go ponad 2000 szk\u00f3\u0142 w ponad 140 krajach (w tym 40 szk\u00f3\u0142 w Polsce).<\/p><p><img decoding=\"async\" class=\"alignright wp-image-94 size-medium\" src=\"http:\/\/lo1.olsztyn.pl\/mm\/wp-content\/uploads\/2017\/10\/02-300x200.jpg\" alt=\"\" width=\"300\" height=\"200\" srcset=\"https:\/\/lo1.olsztyn.eu\/mm\/wp-content\/uploads\/2017\/10\/02-300x200.jpg 300w, https:\/\/lo1.olsztyn.eu\/mm\/wp-content\/uploads\/2017\/10\/02-768x512.jpg 768w, https:\/\/lo1.olsztyn.eu\/mm\/wp-content\/uploads\/2017\/10\/02-1024x683.jpg 1024w, https:\/\/lo1.olsztyn.eu\/mm\/wp-content\/uploads\/2017\/10\/02-840x560.jpg 840w, https:\/\/lo1.olsztyn.eu\/mm\/wp-content\/uploads\/2017\/10\/02-120x80.jpg 120w, https:\/\/lo1.olsztyn.eu\/mm\/wp-content\/uploads\/2017\/10\/02-360x240.jpg 360w, https:\/\/lo1.olsztyn.eu\/mm\/wp-content\/uploads\/2017\/10\/02-600x400.jpg 600w, https:\/\/lo1.olsztyn.eu\/mm\/wp-content\/uploads\/2017\/10\/02.jpg 1200w\" sizes=\"(max-width: 300px) 100vw, 300px\" \/><\/p><p>Uczniowie zdobywaj\u0105 wiadomo\u015bci i umiej\u0119tno\u015bci z r\u00f3\u017cnych dziedzin wiedzy w ma\u0142ych 6 &#8211; 12 &#8211; osobowych\u00a0grupach. J\u0119zykiem wyk\u0142adowym jest j\u0119zyk angielski.<\/p><p style=\"text-align: left\">Absolwenci programu mog\u0105 ubiega\u0107 si\u0119 o przyj\u0119cie na wy\u017csze uczenie w Polsce i na ca\u0142ym \u015bwiecie.<\/p><p style=\"text-align: left\">Wa\u017cnym elementem filozofii programu jest tak\u017ce zwr\u00f3cenie uwagi na aspekt dzia\u0142alno\u015bci na rzecz spo\u0142eczno\u015bci lokalnej.<\/p><p>Nauka w programie IB Diploma Programme wymaga od uczni\u00f3w nie tylko <b>bardzo dobrej znajomo\u015bci j\u0119zyka angielskiego <\/b>(wszystkie przedmioty wyk\u0142adane s\u0105 w tym j\u0119zyku), ale tak\u017ce organizacji, systematyczno\u015bci, samodyscypliny oraz determinacji do osi\u0105gania wytyczonych sobie cel\u00f3w.<\/p><p>W International Baccalaureate Diploma Programme uczniowie realizuj\u0105 nauk\u0119 w sze\u015bciu grupach przedmiotowych. Nasza szko\u0142a oferuje przemioty wymnienione poni\u017cej:<\/p><p><strong>GRUPA 1: J\u0118ZYK A<\/strong><\/p><ul><li>j\u0119zyk polski (SL\/HL)<\/li><\/ul><p><strong>GRUPA 2: J\u0118ZYK B<\/strong><\/p><ul><li>j\u0119zyk angielski (HL)<\/li><li>j\u0119zyk hiszpa\u0144ski (SL)<\/li><\/ul><p><strong>GRUPA 3: NAUKI SPO\u0141ECZNE<\/strong><\/p><ul><li>historia (SL\/HL)<\/li><li>geografia (SL\/HL)<\/li><li>ekonomia (SL\/HL)<\/li><li>polityka globalna (SL\/HL)<\/li><\/ul><p><strong>GRUPA 4: NAUKI \u015aCIS\u0141E<\/strong><\/p><ul><li>chemia (SL\/HL)<\/li><li>biologia (SL\/HL)<\/li><li>fizyka (SL\/HL)<\/li><li>informatyka (SL\/HL)<\/li><\/ul><p><strong>GRUPA 5: MATEMATYKA<\/strong><\/p><ul><li>analiza matematyczna (SL\/HL)<\/li><li>praktyczne zastosowania matematyki (SL\/HL)<\/li><\/ul><p><strong>GRUPA 6: PRZEDMIOTY ARTYSTYCZNE lub PRZEDMIOT DODATKOWY<\/strong><\/p><ul><li style=\"text-align: left\">teatr (SL\/HL)<\/li><li style=\"text-align: left\">Uczniowie zamiast przedmiotu TEATR mog\u0105 wybra\u0107 przedmiot dodatkowy z grup 2-4<\/li><\/ul><p>Dodatkowe uwagi:\u00a0<\/p><ul><li>\u00a0ucze\u0144 wybiera po jednym przedmiocie z ka\u017cdej grupy,<\/li><li>3 lub 4 przedmioty s\u0105 realizowane na poziomie HL (higher level) &#8211; 6 godzin lekcyjnych w tygodniu,<\/li><li>2 lub 3 przedmioty s\u0105 realizowane na poziomie SL (standard level) &#8211; 4 godziny lekcyjne w tygodniu.<\/li><\/ul><div><div style=\"width: 847px;\" class=\"wp-video\"><video class=\"wp-video-shortcode\" id=\"video-8-1\" width=\"847\" height=\"598\" preload=\"metadata\" controls=\"controls\"><source type=\"video\/mp4\" src=\"https:\/\/lo1.olsztyn.eu\/mm\/wp-content\/uploads\/2023\/03\/AVAILABLE-SUBJECTS-2.mp4?_=1\" \/><a href=\"https:\/\/lo1.olsztyn.eu\/mm\/wp-content\/uploads\/2023\/03\/AVAILABLE-SUBJECTS-2.mp4\">https:\/\/lo1.olsztyn.eu\/mm\/wp-content\/uploads\/2023\/03\/AVAILABLE-SUBJECTS-2.mp4<\/a><\/video><\/div><\/div><div><span style=\"font-size: 16px\">\u00a0<\/span><\/div><p style=\"text-align: center\">\u00a0<\/p>\t\t\t\t\t\t\t\t<\/div>\n\t\t\t\t<\/div>\n\t\t\t\t\t<\/div>\n\t\t<\/div>\n\t\t\t\t\t<\/div>\n\t\t<\/section>\n\t\t\t\t<\/div>\n\t\t","protected":false},"excerpt":{"rendered":"<p>Program Matury Mi\u0119dzynarodowej IB Diploma Programme jest dwuletnim przeduniwersyteckim cyklem kszta\u0142cenia przeznaczonym dla m\u0142odzie\u017cy w wieku 16-19 lat, realizowanym przez dwa ostatnie lata szko\u0142y ponadpodstawowej. Nauka ko\u0144czy si\u0119 sesj\u0105 egzaminacyjn\u0105, przygotowuj\u0105c\u0105 absolwent\u00f3w do podj\u0119cia studi\u00f3w na ca\u0142ym \u015bwiecie. Celem tego <a href=\"https:\/\/lo1.olsztyn.eu\/mm\/diploma-programme\/\" class=\"read-more\">Read More &#8230;<\/a><\/p>\n","protected":false},"author":1,"featured_media":375,"parent":0,"menu_order":0,"comment_status":"closed","ping_status":"closed","template":"","meta":{"footnotes":""},"class_list":["post-8","page","type-page","status-publish","has-post-thumbnail","hentry"],"featured_image_urls_v2":{"full":["https:\/\/lo1.olsztyn.eu\/mm\/wp-content\/uploads\/2019\/09\/dp-programme-logo-en.png",1970,600,false],"thumbnail":["https:\/\/lo1.olsztyn.eu\/mm\/wp-content\/uploads\/2019\/09\/dp-programme-logo-en-150x150.png",150,150,true],"medium":["https:\/\/lo1.olsztyn.eu\/mm\/wp-content\/uploads\/2019\/09\/dp-programme-logo-en-300x91.png",300,91,true],"medium_large":["https:\/\/lo1.olsztyn.eu\/mm\/wp-content\/uploads\/2019\/09\/dp-programme-logo-en-768x234.png",768,234,true],"large":["https:\/\/lo1.olsztyn.eu\/mm\/wp-content\/uploads\/2019\/09\/dp-programme-logo-en-1024x312.png",847,258,true],"1536x1536":["https:\/\/lo1.olsztyn.eu\/mm\/wp-content\/uploads\/2019\/09\/dp-programme-logo-en.png",1536,468,false],"2048x2048":["https:\/\/lo1.olsztyn.eu\/mm\/wp-content\/uploads\/2019\/09\/dp-programme-logo-en.png",1970,600,false],"education-hub-thumb":["https:\/\/lo1.olsztyn.eu\/mm\/wp-content\/uploads\/2019\/09\/dp-programme-logo-en.png",360,110,false]},"post_excerpt_stackable_v2":"<p>Program Matury Mi\u0119dzynarodowej IB Diploma Programme jest dwuletnim przeduniwersyteckim cyklem kszta\u0142cenia przeznaczonym dla m\u0142odzie\u017cy w wieku 16-19 lat, realizowanym przez dwa ostatnie lata szko\u0142y ponadpodstawowej. Nauka ko\u0144czy si\u0119 sesj\u0105 egzaminacyjn\u0105, przygotowuj\u0105c\u0105 absolwent\u00f3w do podj\u0119cia studi\u00f3w na ca\u0142ym \u015bwiecie.Celem tego dwuletniego kursu jest wykszta\u0142cenie \u015bwiadomych, krytycznie i samodzielnie my\u015bl\u0105cych m\u0142odych ludzi, kt\u00f3rzy s\u0105 otwarci na otaczaj\u0105cy ich \u015bwiat i tolerancyjni wobec inno\u015bci.Program matury mi\u0119dzynarodowej k\u0142adzie du\u017cy nacisk na ca\u0142o\u015bciowy i zr\u00f3wnowa\u017cony rozw\u00f3j jednostki poprzez dostarczanie nie tylko niezb\u0119dnej wiedzy, ale r\u00f3wnie\u017c umiej\u0119tno\u015bci praktycznych przy jednoczesnym uwzgl\u0119dnieniu zainteresowa\u0144 ucznia.System matury mi\u0119dzynarodowej jest znany i ceniony na ca\u0142ym \u015bwiecie. Realizuje go ponad 2000&hellip;<\/p>\n","category_list_v2":"","author_info_v2":{"name":"ibadmin","url":"https:\/\/lo1.olsztyn.eu\/mm\/author\/ibadmin\/"},"comments_num_v2":"0 comments","_links":{"self":[{"href":"https:\/\/lo1.olsztyn.eu\/mm\/wp-json\/wp\/v2\/pages\/8","targetHints":{"allow":["GET"]}}],"collection":[{"href":"https:\/\/lo1.olsztyn.eu\/mm\/wp-json\/wp\/v2\/pages"}],"about":[{"href":"https:\/\/lo1.olsztyn.eu\/mm\/wp-json\/wp\/v2\/types\/page"}],"author":[{"embeddable":true,"href":"https:\/\/lo1.olsztyn.eu\/mm\/wp-json\/wp\/v2\/users\/1"}],"replies":[{"embeddable":true,"href":"https:\/\/lo1.olsztyn.eu\/mm\/wp-json\/wp\/v2\/comments?post=8"}],"version-history":[{"count":38,"href":"https:\/\/lo1.olsztyn.eu\/mm\/wp-json\/wp\/v2\/pages\/8\/revisions"}],"predecessor-version":[{"id":1481,"href":"https:\/\/lo1.olsztyn.eu\/mm\/wp-json\/wp\/v2\/pages\/8\/revisions\/1481"}],"wp:featuredmedia":[{"embeddable":true,"href":"https:\/\/lo1.olsztyn.eu\/mm\/wp-json\/wp\/v2\/media\/375"}],"wp:attachment":[{"href":"https:\/\/lo1.olsztyn.eu\/mm\/wp-json\/wp\/v2\/media?parent=8"}],"curies":[{"name":"wp","href":"https:\/\/api.w.org\/{rel}","templated":true}]}}